{"id":417,"date":"2021-04-22T08:53:38","date_gmt":"2021-04-22T08:53:38","guid":{"rendered":"https:\/\/elsilenciodelvalle.com\/?post_type=product&#038;p=417"},"modified":"2022-02-25T16:34:09","modified_gmt":"2022-02-25T15:34:09","slug":"conjunto-meditacion-manantial-de-invierno","status":"publish","type":"product","link":"https:\/\/elsilenciodelvalle.com\/en\/producto\/conjunto-meditacion-manantial-de-invierno\/","title":{"rendered":"Conjunto Meditaci\u00f3n &#8220;Manantial de Invierno&#8221;"},"content":{"rendered":"<p><strong>MEDIDAS:<\/strong><br \/>\n&#8211; Zaf\u00fa: di\u00e1metro 35 cms. aprox; altura 15 cms aprox.<br \/>\n&#8211; zafut\u00f3n: 100x 75 cms.<br \/>\n&#8211; esterilla: 200&#215;75 cms.<\/p>\n<p><strong>COMPOSICI\u00d3N:<\/strong><br \/>\n&#8211; 100% algod\u00f3n<br \/>\n&#8211; Seda natural.<br \/>\n&#8211; Forro interior algod\u00f3n 100%<br \/>\n&#8211; Relleno con miraguano<\/p>\n<p><strong>INSTRUCCIONES LAVADO:<\/strong><\/p>\n<p><strong>EXTERIOR:<\/strong><br \/>\n&#8211; Lavado a mano con agua templada y jab\u00f3n suave. No mezclar con otras prendas.<br \/>\n&#8211; No secadora<br \/>\n&#8211; No lej\u00eda<br \/>\n&#8211; Planchado a baja temperatura<br \/>\n&#8211; No retorcer<br \/>\n&#8211; Secar a la sombra<\/p>\n<p><strong>INTERIOR:<\/strong><br \/>\n&#8211; Lavado max. 30\u00ba C<br \/>\n&#8211; Limpieza e seco<br \/>\n&#8211; Planchado a temperatura media<br \/>\n&#8211; No secadora<\/p>\n","protected":false},"excerpt":{"rendered":"<p>ESTERILLA MORADA- ZAFU Y ZAFUT\u00d3N\u00a0 CON BROCADO DE SEDA EN CACHEMIR GRANATE.<\/p>\n<p>&nbsp;<\/p>\n","protected":false},"featured_media":3187,"comment_status":"closed","ping_status":"closed","template":"","meta":{"_et_pb_use_builder":"off","_et_pb_old_content":"Cada detalle, desde la composici\u00f3n, color del tejido, los botones creados para cada conjunto, la forma de cada corte, hasta las mismas entretelas.... son escogidos con calma, desde la inspiraci\u00f3n y energ\u00eda del momento aportando a cada pieza las distintas\u00a0 fortalezas que desprenden.... y s\u00f3lo se hace posible con ayuda del conocimiento de la t\u00e9cnica, los a\u00f1os de experiencia, la constancia y la destreza.\r\n\r\n<strong>MEDIDAS:<\/strong>\r\n- Zaf\u00fa: 25 cms. di\u00e1metro\r\n- zafut\u00f3n: 100x 75 cms.\r\n- esterilla: 200x75 cms.\r\n\r\n<strong>COMPOSICI\u00d3N:<\/strong>\r\n- 100% ALGOD\u00d3N\r\n- SEDA NATURAL.\r\n- FORRO INTERIOR ALGOD\u00d3N 100%; RELLENO MIRAGUANO SINT\u00c9TICO\r\n\r\n<strong>INSTRUCCIONES LAVADO:<\/strong>\r\n- LAVADO A MANO AGUA TEMPLADA Y JAB\u00d3N SUAVE SIN MEZCLAR CON OTRAS PRENDAS\r\n- NO SECADORA\r\n- NO LEJ\u00cdA\r\n- PLANCHADO BAJA TEMPERATURA\r\n- NO RETORCER\r\n- SECAR A LA SOMBRA\r\n\r\n<strong>PARA INTERIOR:<\/strong>\r\n- LAVADO MAX. 30\r\n- LIMPIEZA EN SECO\r\n- PLANCHADO TEMP. MEDIA\r\n- NO SECADORA","_et_gb_content_width":""},"product_cat":[31],"product_tag":[38],"class_list":{"0":"post-417","1":"product","2":"type-product","3":"status-publish","4":"has-post-thumbnail","6":"product_cat-conjuntos-meditacion","7":"product_tag-cielo","8":"product_shipping_class-estandar","10":"first","11":"instock","12":"sold-individually","13":"taxable","14":"shipping-taxable","15":"purchasable","16":"product-type-simple"},"aioseo_notices":[],"_links":{"self":[{"href":"https:\/\/elsilenciodelvalle.com\/en\/wp-json\/wp\/v2\/product\/417","targetHints":{"allow":["GET"]}}],"collection":[{"href":"https:\/\/elsilenciodelvalle.com\/en\/wp-json\/wp\/v2\/product"}],"about":[{"href":"https:\/\/elsilenciodelvalle.com\/en\/wp-json\/wp\/v2\/types\/product"}],"replies":[{"embeddable":true,"href":"https:\/\/elsilenciodelvalle.com\/en\/wp-json\/wp\/v2\/comments?post=417"}],"wp:featuredmedia":[{"embeddable":true,"href":"https:\/\/elsilenciodelvalle.com\/en\/wp-json\/wp\/v2\/media\/3187"}],"wp:attachment":[{"href":"https:\/\/elsilenciodelvalle.com\/en\/wp-json\/wp\/v2\/media?parent=417"}],"wp:term":[{"taxonomy":"product_cat","embeddable":true,"href":"https:\/\/elsilenciodelvalle.com\/en\/wp-json\/wp\/v2\/product_cat?post=417"},{"taxonomy":"product_tag","embeddable":true,"href":"https:\/\/elsilenciodelvalle.com\/en\/wp-json\/wp\/v2\/product_tag?post=417"}],"curies":[{"name":"wp","href":"https:\/\/api.w.org\/{rel}","templated":true}]}}