{"id":2410,"date":"2021-05-27T08:04:40","date_gmt":"2021-05-27T08:04:40","guid":{"rendered":"https:\/\/elsilenciodelvalle.com\/?post_type=product&#038;p=2410"},"modified":"2022-02-25T15:02:41","modified_gmt":"2022-02-25T14:02:41","slug":"mala-arhats-banandose-en-el-rio","status":"publish","type":"product","link":"https:\/\/elsilenciodelvalle.com\/en\/producto\/mala-arhats-banandose-en-el-rio\/","title":{"rendered":"Mala\/Collar &#8220;Arhats ba\u00f1\u00e1ndose en el r\u00edo&#8221;"},"content":{"rendered":"<p><strong>MEDIDAS:<\/strong><br \/>\n&#8211; Total: 85 cms. aprox.<br \/>\n&#8211; Borla: 17 cms. aprox.<\/p>\n<p><strong>MATERIALES:<\/strong><br \/>\n&#8211; Cuentas madera de 10 mm<br \/>\n&#8211; Amatista de 12 mm<br \/>\n&#8211; Plata de Ley<\/p>\n","protected":false},"excerpt":{"rendered":"<p>Mala\/Collar con cuentas fabricadas en Madera, Amatista y Plata de Ley.<\/p>\n<blockquote><p><strong><em>\u275dLa pureza del Arhat, vigilante Budha que cuida de su humanidad.\u275e<\/em><\/strong><\/p><\/blockquote>\n","protected":false},"featured_media":2411,"comment_status":"closed","ping_status":"closed","template":"","meta":{"_et_pb_use_builder":"","_et_pb_old_content":"","_et_gb_content_width":""},"product_cat":[32],"product_tag":[42],"class_list":{"0":"post-2410","1":"product","2":"type-product","3":"status-publish","4":"has-post-thumbnail","6":"product_cat-malas-collares","7":"product_tag-seccion-c","8":"product_shipping_class-estandar","10":"first","11":"instock","12":"sold-individually","13":"taxable","14":"shipping-taxable","15":"purchasable","16":"product-type-simple"},"aioseo_notices":[],"_links":{"self":[{"href":"https:\/\/elsilenciodelvalle.com\/en\/wp-json\/wp\/v2\/product\/2410","targetHints":{"allow":["GET"]}}],"collection":[{"href":"https:\/\/elsilenciodelvalle.com\/en\/wp-json\/wp\/v2\/product"}],"about":[{"href":"https:\/\/elsilenciodelvalle.com\/en\/wp-json\/wp\/v2\/types\/product"}],"replies":[{"embeddable":true,"href":"https:\/\/elsilenciodelvalle.com\/en\/wp-json\/wp\/v2\/comments?post=2410"}],"wp:featuredmedia":[{"embeddable":true,"href":"https:\/\/elsilenciodelvalle.com\/en\/wp-json\/wp\/v2\/media\/2411"}],"wp:attachment":[{"href":"https:\/\/elsilenciodelvalle.com\/en\/wp-json\/wp\/v2\/media?parent=2410"}],"wp:term":[{"taxonomy":"product_cat","embeddable":true,"href":"https:\/\/elsilenciodelvalle.com\/en\/wp-json\/wp\/v2\/product_cat?post=2410"},{"taxonomy":"product_tag","embeddable":true,"href":"https:\/\/elsilenciodelvalle.com\/en\/wp-json\/wp\/v2\/product_tag?post=2410"}],"curies":[{"name":"wp","href":"https:\/\/api.w.org\/{rel}","templated":true}]}}