{"id":2357,"date":"2021-05-27T07:22:53","date_gmt":"2021-05-27T07:22:53","guid":{"rendered":"https:\/\/elsilenciodelvalle.com\/?post_type=product&#038;p=2357"},"modified":"2022-02-25T16:02:58","modified_gmt":"2022-02-25T15:02:58","slug":"mala-antes-del-alba","status":"publish","type":"product","link":"https:\/\/elsilenciodelvalle.com\/en\/producto\/mala-antes-del-alba\/","title":{"rendered":"Mala\/Collar &#8220;Antes del Alba&#8221;"},"content":{"rendered":"<p><strong>MEDIDAS:<br \/>\n<\/strong>&#8211; Total: 70 cms. aprox.<br \/>\n&#8211; Borla: 29 cms. aprox.<\/p>\n<p><strong>MATERIALES:<br \/>\n<\/strong>&#8211; Cuentas madera te\u00f1ida de 8 mm.<br \/>\n&#8211; \u00c1gata Drag\u00f3n Gris de 10mm.<\/p>\n","protected":false},"excerpt":{"rendered":"<p>Mala con cuentas fabricadas en Madera te\u00f1ida y \u00c1gata Drag\u00f3n gris.<\/p>\n<blockquote><p><strong><em>\u275dEn la tercera vigilia vienen mis recuerdos; los acojo con alegr\u00eda con este mala.\u275e<\/em><\/strong><\/p><\/blockquote>\n","protected":false},"featured_media":2358,"comment_status":"closed","ping_status":"closed","template":"","meta":{"_et_pb_use_builder":"","_et_pb_old_content":"","_et_gb_content_width":""},"product_cat":[32],"product_tag":[40],"class_list":{"0":"post-2357","1":"product","2":"type-product","3":"status-publish","4":"has-post-thumbnail","6":"product_cat-malas-collares","7":"product_tag-seccion-a","8":"product_shipping_class-estandar","10":"first","11":"instock","12":"sold-individually","13":"taxable","14":"shipping-taxable","15":"purchasable","16":"product-type-simple"},"aioseo_notices":[],"_links":{"self":[{"href":"https:\/\/elsilenciodelvalle.com\/en\/wp-json\/wp\/v2\/product\/2357","targetHints":{"allow":["GET"]}}],"collection":[{"href":"https:\/\/elsilenciodelvalle.com\/en\/wp-json\/wp\/v2\/product"}],"about":[{"href":"https:\/\/elsilenciodelvalle.com\/en\/wp-json\/wp\/v2\/types\/product"}],"replies":[{"embeddable":true,"href":"https:\/\/elsilenciodelvalle.com\/en\/wp-json\/wp\/v2\/comments?post=2357"}],"wp:featuredmedia":[{"embeddable":true,"href":"https:\/\/elsilenciodelvalle.com\/en\/wp-json\/wp\/v2\/media\/2358"}],"wp:attachment":[{"href":"https:\/\/elsilenciodelvalle.com\/en\/wp-json\/wp\/v2\/media?parent=2357"}],"wp:term":[{"taxonomy":"product_cat","embeddable":true,"href":"https:\/\/elsilenciodelvalle.com\/en\/wp-json\/wp\/v2\/product_cat?post=2357"},{"taxonomy":"product_tag","embeddable":true,"href":"https:\/\/elsilenciodelvalle.com\/en\/wp-json\/wp\/v2\/product_tag?post=2357"}],"curies":[{"name":"wp","href":"https:\/\/api.w.org\/{rel}","templated":true}]}}