{"id":1023,"date":"2021-05-18T08:50:37","date_gmt":"2021-05-18T06:50:37","guid":{"rendered":"https:\/\/elsilenciodelvalle.com\/?post_type=product&#038;p=1023"},"modified":"2022-02-25T16:25:59","modified_gmt":"2022-02-25T15:25:59","slug":"mala-senderos-del-bosque","status":"publish","type":"product","link":"https:\/\/elsilenciodelvalle.com\/en\/producto\/mala-senderos-del-bosque\/","title":{"rendered":"Mala\/Collar &#8220;Senderos del Bosque&#8221;"},"content":{"rendered":"<p><strong>MEDIDAS:<\/strong><br \/>\n&#8211; Total: 72 cms. aprox.<br \/>\n&#8211; 2 Borlas: 17 cms. aprox.<\/p>\n<p><strong>MATERIALES:<\/strong><br \/>\n&#8211; Cuentas madera te\u00f1ida de 8 mm;<br \/>\n&#8211; Ojo de Tigre de 10 mm;<br \/>\n&#8211; \u00c1gata Drag\u00f3n Verde de 14 mm;<br \/>\n&#8211; Plata de Ley<\/p>\n","protected":false},"excerpt":{"rendered":"<p>Mala con cuentas fabricadas en Madera te\u00f1ida, Ojo de Tigre, \u00c1gata Drag\u00f3n y Plata de Ley.<\/p>\n<blockquote><p><strong><em>\u275dEn mil caminos, entre aquellos jazmines y nobles magnolios.\u275e<\/em><\/strong><\/p><\/blockquote>\n","protected":false},"featured_media":1024,"comment_status":"closed","ping_status":"closed","template":"","meta":{"_et_pb_use_builder":"","_et_pb_old_content":"","_et_gb_content_width":""},"product_cat":[32],"product_tag":[42],"class_list":{"0":"post-1023","1":"product","2":"type-product","3":"status-publish","4":"has-post-thumbnail","6":"product_cat-malas-collares","7":"product_tag-seccion-c","8":"product_shipping_class-estandar","10":"first","11":"outofstock","12":"sold-individually","13":"taxable","14":"shipping-taxable","15":"purchasable","16":"product-type-simple"},"aioseo_notices":[],"_links":{"self":[{"href":"https:\/\/elsilenciodelvalle.com\/en\/wp-json\/wp\/v2\/product\/1023","targetHints":{"allow":["GET"]}}],"collection":[{"href":"https:\/\/elsilenciodelvalle.com\/en\/wp-json\/wp\/v2\/product"}],"about":[{"href":"https:\/\/elsilenciodelvalle.com\/en\/wp-json\/wp\/v2\/types\/product"}],"replies":[{"embeddable":true,"href":"https:\/\/elsilenciodelvalle.com\/en\/wp-json\/wp\/v2\/comments?post=1023"}],"wp:featuredmedia":[{"embeddable":true,"href":"https:\/\/elsilenciodelvalle.com\/en\/wp-json\/wp\/v2\/media\/1024"}],"wp:attachment":[{"href":"https:\/\/elsilenciodelvalle.com\/en\/wp-json\/wp\/v2\/media?parent=1023"}],"wp:term":[{"taxonomy":"product_cat","embeddable":true,"href":"https:\/\/elsilenciodelvalle.com\/en\/wp-json\/wp\/v2\/product_cat?post=1023"},{"taxonomy":"product_tag","embeddable":true,"href":"https:\/\/elsilenciodelvalle.com\/en\/wp-json\/wp\/v2\/product_tag?post=1023"}],"curies":[{"name":"wp","href":"https:\/\/api.w.org\/{rel}","templated":true}]}}