{"id":1014,"date":"2021-05-18T08:32:25","date_gmt":"2021-05-18T06:32:25","guid":{"rendered":"https:\/\/elsilenciodelvalle.com\/?post_type=product&#038;p=1014"},"modified":"2022-02-25T16:29:10","modified_gmt":"2022-02-25T15:29:10","slug":"mala-gotas-de-rocio","status":"publish","type":"product","link":"https:\/\/elsilenciodelvalle.com\/en\/producto\/mala-gotas-de-rocio\/","title":{"rendered":"Mala\/Collar &#8220;Gotas de Roc\u00edo&#8221;"},"content":{"rendered":"<p><strong>MEDIDAS:<br \/>\n<\/strong>&#8211; Total: 85 cms. aprox.<br \/>\n&#8211; Borla: 19 cms. aprox.<\/p>\n<p><strong>MATERIALES:<br \/>\n<\/strong>&#8211; Cuentas de madera de 12 mm y 10 mm.<br \/>\n&#8211; Aleaci\u00f3n de cinc, color bronce antiguo (sin plomo, sin cadmio)<\/p>\n","protected":false},"excerpt":{"rendered":"<p>Mala con cuentas fabricadas en Madera y Cinc.<\/p>\n<blockquote><p><strong><em>\u275dComo el roc\u00edo de la ma\u00f1ana en las hojas de un bello \u00e1rbol.\u275e<\/em><\/strong><\/p><\/blockquote>\n","protected":false},"featured_media":1015,"comment_status":"closed","ping_status":"closed","template":"","meta":{"_et_pb_use_builder":"","_et_pb_old_content":"","_et_gb_content_width":""},"product_cat":[32],"product_tag":[40],"class_list":{"0":"post-1014","1":"product","2":"type-product","3":"status-publish","4":"has-post-thumbnail","6":"product_cat-malas-collares","7":"product_tag-seccion-a","8":"product_shipping_class-estandar","10":"first","11":"instock","12":"sold-individually","13":"taxable","14":"shipping-taxable","15":"purchasable","16":"product-type-simple"},"aioseo_notices":[],"_links":{"self":[{"href":"https:\/\/elsilenciodelvalle.com\/en\/wp-json\/wp\/v2\/product\/1014","targetHints":{"allow":["GET"]}}],"collection":[{"href":"https:\/\/elsilenciodelvalle.com\/en\/wp-json\/wp\/v2\/product"}],"about":[{"href":"https:\/\/elsilenciodelvalle.com\/en\/wp-json\/wp\/v2\/types\/product"}],"replies":[{"embeddable":true,"href":"https:\/\/elsilenciodelvalle.com\/en\/wp-json\/wp\/v2\/comments?post=1014"}],"wp:featuredmedia":[{"embeddable":true,"href":"https:\/\/elsilenciodelvalle.com\/en\/wp-json\/wp\/v2\/media\/1015"}],"wp:attachment":[{"href":"https:\/\/elsilenciodelvalle.com\/en\/wp-json\/wp\/v2\/media?parent=1014"}],"wp:term":[{"taxonomy":"product_cat","embeddable":true,"href":"https:\/\/elsilenciodelvalle.com\/en\/wp-json\/wp\/v2\/product_cat?post=1014"},{"taxonomy":"product_tag","embeddable":true,"href":"https:\/\/elsilenciodelvalle.com\/en\/wp-json\/wp\/v2\/product_tag?post=1014"}],"curies":[{"name":"wp","href":"https:\/\/api.w.org\/{rel}","templated":true}]}}